{"id":2276,"date":"2020-12-04T22:35:44","date_gmt":"2020-12-04T21:35:44","guid":{"rendered":"https:\/\/lisicavolk.com\/?post_type=product&#038;p=2276"},"modified":"2024-10-03T07:28:53","modified_gmt":"2024-10-03T06:28:53","slug":"great-tit","status":"publish","type":"product","link":"https:\/\/lisicavolk.com\/slo\/izdelek\/great-tit\/","title":{"rendered":"Velika sinica | Uhani"},"content":{"rendered":"<p>Uhani iz orehovega lesa, ro\u010dno poslikani in za\u0161\u010diteni z lakom.<\/p>\n<p><strong>Osnova iz plemenitega jekla.<\/strong><\/p>\n<p>\ud83c\udf0a \u010ceprav so izdelki za\u0161\u010diteni z nekaj plastmi laka, so \u0161e vedno izdelani iz lesa in <strong>niso nepremo\u010dljivi<\/strong>.<br \/>\nProsimo, ne potapljajte jih v vodo, raje jih snemite pred plavanjem ali kopanjem.<\/p>","protected":false},"excerpt":{"rendered":"<p>Uhani iz orehovega lesa, ro\u010dno poslikani in za\u0161\u010diteni z lakom.<\/p>\n<p><strong>Osnova iz plemenitega jekla.<\/strong><\/p>\n<p>&nbsp;<\/p>","protected":false},"featured_media":2403,"comment_status":"open","ping_status":"closed","template":"","meta":{"site-sidebar-layout":"default","site-content-layout":"default","ast-site-content-layout":"default","site-content-style":"default","site-sidebar-style":"default","ast-global-header-display":"","ast-banner-title-visibility":"","ast-main-header-display":"","ast-hfb-above-header-display":"","ast-hfb-below-header-display":"","ast-hfb-mobile-header-display":"","site-post-title":"","ast-breadcrumbs-content":"","ast-featured-img":"","footer-sml-layout":"","ast-disable-related-posts":"","theme-transparent-header-meta":"default","adv-header-id-meta":"","stick-header-meta":"","header-above-stick-meta":"","header-main-stick-meta":"","header-below-stick-meta":"","astra-migrate-meta-layouts":"default","ast-page-background-enabled":"default","ast-page-background-meta":{"desktop":{"background-color":"","background-image":"","background-repeat":"repeat","background-position":"center center","background-size":"auto","background-attachment":"scroll","background-type":"","background-media":"","overlay-type":"","overlay-color":"","overlay-opacity":"","overlay-gradient":""},"tablet":{"background-color":"","background-image":"","background-repeat":"repeat","background-position":"center center","background-size":"auto","background-attachment":"scroll","background-type":"","background-media":"","overlay-type":"","overlay-color":"","overlay-opacity":"","overlay-gradient":""},"mobile":{"background-color":"","background-image":"","background-repeat":"repeat","background-position":"center center","background-size":"auto","background-attachment":"scroll","background-type":"","background-media":"","overlay-type":"","overlay-color":"","overlay-opacity":"","overlay-gradient":""}},"ast-content-background-meta":{"desktop":{"background-color":"var(--ast-global-color-5)","background-image":"","background-repeat":"repeat","background-position":"center center","background-size":"auto","background-attachment":"scroll","background-type":"","background-media":"","overlay-type":"","overlay-color":"","overlay-opacity":"","overlay-gradient":""},"tablet":{"background-color":"var(--ast-global-color-5)","background-image":"","background-repeat":"repeat","background-position":"center center","background-size":"auto","background-attachment":"scroll","background-type":"","background-media":"","overlay-type":"","overlay-color":"","overlay-opacity":"","overlay-gradient":""},"mobile":{"background-color":"var(--ast-global-color-5)","background-image":"","background-repeat":"repeat","background-position":"center center","background-size":"auto","background-attachment":"scroll","background-type":"","background-media":"","overlay-type":"","overlay-color":"","overlay-opacity":"","overlay-gradient":""}}},"product_brand":[],"product_cat":[24,40,27,44],"product_tag":[71,79,78,57],"class_list":{"0":"post-2276","1":"product","2":"type-product","3":"status-publish","4":"has-post-thumbnail","6":"product_cat-collections","7":"product_cat-earrings","8":"product_cat-flora-fauna","9":"product_cat-jewellery","10":"product_tag-leseni-uhani","11":"product_tag-pticki","12":"product_tag-sinica","13":"product_tag-wooden-earrings","14":"desktop-align-left","15":"tablet-align-left","16":"mobile-align-left","18":"first","19":"outofstock","20":"purchasable","21":"product-type-simple"},"_links":{"self":[{"href":"https:\/\/lisicavolk.com\/slo\/wp-json\/wp\/v2\/product\/2276","targetHints":{"allow":["GET"]}}],"collection":[{"href":"https:\/\/lisicavolk.com\/slo\/wp-json\/wp\/v2\/product"}],"about":[{"href":"https:\/\/lisicavolk.com\/slo\/wp-json\/wp\/v2\/types\/product"}],"replies":[{"embeddable":true,"href":"https:\/\/lisicavolk.com\/slo\/wp-json\/wp\/v2\/comments?post=2276"}],"version-history":[{"count":2,"href":"https:\/\/lisicavolk.com\/slo\/wp-json\/wp\/v2\/product\/2276\/revisions"}],"predecessor-version":[{"id":2409,"href":"https:\/\/lisicavolk.com\/slo\/wp-json\/wp\/v2\/product\/2276\/revisions\/2409"}],"wp:featuredmedia":[{"embeddable":true,"href":"https:\/\/lisicavolk.com\/slo\/wp-json\/wp\/v2\/media\/2403"}],"wp:attachment":[{"href":"https:\/\/lisicavolk.com\/slo\/wp-json\/wp\/v2\/media?parent=2276"}],"wp:term":[{"taxonomy":"product_brand","embeddable":true,"href":"https:\/\/lisicavolk.com\/slo\/wp-json\/wp\/v2\/product_brand?post=2276"},{"taxonomy":"product_cat","embeddable":true,"href":"https:\/\/lisicavolk.com\/slo\/wp-json\/wp\/v2\/product_cat?post=2276"},{"taxonomy":"product_tag","embeddable":true,"href":"https:\/\/lisicavolk.com\/slo\/wp-json\/wp\/v2\/product_tag?post=2276"}],"curies":[{"name":"wp","href":"https:\/\/api.w.org\/{rel}","templated":true}]}}