{"id":2243,"date":"2020-12-04T19:36:19","date_gmt":"2020-12-04T18:36:19","guid":{"rendered":"https:\/\/lisicavolk.com\/?post_type=product&#038;p=2243"},"modified":"2026-02-05T15:06:48","modified_gmt":"2026-02-05T14:06:48","slug":"sleepy-fox-badge","status":"publish","type":"product","link":"https:\/\/lisicavolk.com\/slo\/izdelek\/sleepy-fox-badge\/","title":{"rendered":"Zvitorepka | Bro\u0161ka"},"content":{"rendered":"<p>Bro\u0161ka iz orehovega lesa, ro\u010dno poslikana in za\u0161\u010ditena z lakom.<\/p>\n<p>\ud83c\udf0a \u010ceprav so izdelki za\u0161\u010diteni z nekaj plastmi laka, so \u0161e vedno izdelani iz lesa in <strong>niso nepremo\u010dljivi<\/strong>.<br \/>\nProsimo, ne potapljajte jih v vodo, raje jih snemite pred plavanjem ali kopanjem.<\/p>","protected":false},"excerpt":{"rendered":"<p>Bro\u0161ka iz orehovega lesa, ro\u010dno poslikana in za\u0161\u010ditena z lakom.<\/p>\n<p>Ta zvitorepka se najraje cel dan crklja in greje na soncu.<br \/>\nKdo ji lahko o\u010dita ...vsi si v\u010dasih na skrivaj za\u017eelimo, da bi lahko storili enako.<\/p>","protected":false},"featured_media":2244,"comment_status":"open","ping_status":"closed","template":"","meta":{"site-sidebar-layout":"default","site-content-layout":"default","ast-site-content-layout":"default","site-content-style":"default","site-sidebar-style":"default","ast-global-header-display":"","ast-banner-title-visibility":"","ast-main-header-display":"","ast-hfb-above-header-display":"","ast-hfb-below-header-display":"","ast-hfb-mobile-header-display":"","site-post-title":"","ast-breadcrumbs-content":"","ast-featured-img":"","footer-sml-layout":"","ast-disable-related-posts":"","theme-transparent-header-meta":"default","adv-header-id-meta":"","stick-header-meta":"","header-above-stick-meta":"","header-main-stick-meta":"","header-below-stick-meta":"","astra-migrate-meta-layouts":"default","ast-page-background-enabled":"default","ast-page-background-meta":{"desktop":{"background-color":"","background-image":"","background-repeat":"repeat","background-position":"center center","background-size":"auto","background-attachment":"scroll","background-type":"","background-media":"","overlay-type":"","overlay-color":"","overlay-opacity":"","overlay-gradient":""},"tablet":{"background-color":"","background-image":"","background-repeat":"repeat","background-position":"center center","background-size":"auto","background-attachment":"scroll","background-type":"","background-media":"","overlay-type":"","overlay-color":"","overlay-opacity":"","overlay-gradient":""},"mobile":{"background-color":"","background-image":"","background-repeat":"repeat","background-position":"center center","background-size":"auto","background-attachment":"scroll","background-type":"","background-media":"","overlay-type":"","overlay-color":"","overlay-opacity":"","overlay-gradient":""}},"ast-content-background-meta":{"desktop":{"background-color":"var(--ast-global-color-5)","background-image":"","background-repeat":"repeat","background-position":"center center","background-size":"auto","background-attachment":"scroll","background-type":"","background-media":"","overlay-type":"","overlay-color":"","overlay-opacity":"","overlay-gradient":""},"tablet":{"background-color":"var(--ast-global-color-5)","background-image":"","background-repeat":"repeat","background-position":"center center","background-size":"auto","background-attachment":"scroll","background-type":"","background-media":"","overlay-type":"","overlay-color":"","overlay-opacity":"","overlay-gradient":""},"mobile":{"background-color":"var(--ast-global-color-5)","background-image":"","background-repeat":"repeat","background-position":"center center","background-size":"auto","background-attachment":"scroll","background-type":"","background-media":"","overlay-type":"","overlay-color":"","overlay-opacity":"","overlay-gradient":""}}},"product_brand":[],"product_cat":[42,24,27,44],"product_tag":[50,57],"class_list":{"0":"post-2243","1":"product","2":"type-product","3":"status-publish","4":"has-post-thumbnail","6":"product_cat-badge","7":"product_cat-collections","8":"product_cat-flora-fauna","9":"product_cat-jewellery","10":"product_tag-badge","11":"product_tag-wooden-earrings","12":"desktop-align-left","13":"tablet-align-left","14":"mobile-align-left","16":"first","17":"outofstock","18":"purchasable","19":"product-type-simple"},"_links":{"self":[{"href":"https:\/\/lisicavolk.com\/slo\/wp-json\/wp\/v2\/product\/2243","targetHints":{"allow":["GET"]}}],"collection":[{"href":"https:\/\/lisicavolk.com\/slo\/wp-json\/wp\/v2\/product"}],"about":[{"href":"https:\/\/lisicavolk.com\/slo\/wp-json\/wp\/v2\/types\/product"}],"replies":[{"embeddable":true,"href":"https:\/\/lisicavolk.com\/slo\/wp-json\/wp\/v2\/comments?post=2243"}],"version-history":[{"count":1,"href":"https:\/\/lisicavolk.com\/slo\/wp-json\/wp\/v2\/product\/2243\/revisions"}],"predecessor-version":[{"id":2249,"href":"https:\/\/lisicavolk.com\/slo\/wp-json\/wp\/v2\/product\/2243\/revisions\/2249"}],"wp:featuredmedia":[{"embeddable":true,"href":"https:\/\/lisicavolk.com\/slo\/wp-json\/wp\/v2\/media\/2244"}],"wp:attachment":[{"href":"https:\/\/lisicavolk.com\/slo\/wp-json\/wp\/v2\/media?parent=2243"}],"wp:term":[{"taxonomy":"product_brand","embeddable":true,"href":"https:\/\/lisicavolk.com\/slo\/wp-json\/wp\/v2\/product_brand?post=2243"},{"taxonomy":"product_cat","embeddable":true,"href":"https:\/\/lisicavolk.com\/slo\/wp-json\/wp\/v2\/product_cat?post=2243"},{"taxonomy":"product_tag","embeddable":true,"href":"https:\/\/lisicavolk.com\/slo\/wp-json\/wp\/v2\/product_tag?post=2243"}],"curies":[{"name":"wp","href":"https:\/\/api.w.org\/{rel}","templated":true}]}}