{"id":2125,"date":"2020-12-04T10:57:16","date_gmt":"2020-12-04T09:57:16","guid":{"rendered":"https:\/\/lisicavolk.com\/?post_type=product&#038;p=2125"},"modified":"2021-02-05T14:04:17","modified_gmt":"2021-02-05T13:04:17","slug":"triglav-rose-bracalet","status":"publish","type":"product","link":"https:\/\/lisicavolk.com\/slo\/izdelek\/triglav-rose-bracalet\/","title":{"rendered":"Triglavska ro\u017ea | Zapestnica"},"content":{"rendered":"<p>Zapestnica iz orehovega lesa, ro\u010dno poslikana in za\u0161\u010ditena z lakom.<\/p>\n<p>Nastavljiva vo\u0161\u010dena bomba\u017ena vrvica je na voljo v ve\u010d barvah.<\/p>\n<p>\ud83c\udf38 TRIGLAVSKA RO\u017dA (Potentilla nitida) \ud83c\udf38<\/p>\n<p>\u010cudovit alpski cvet.<br \/>\nV legendi o Zlatorogu naj bi prina\u0161ala \u010darobne mo\u010di. Naj jih prinese tudi vam \u2665 \ufe0f<\/p>\n<p>\ud83c\udf0a \u010ceprav so izdelki za\u0161\u010diteni z nekaj plastmi laka, so \u0161e vedno izdelani iz lesa in <strong>niso nepremo\u010dljivi<\/strong>.<br \/>\nProsimo, ne potapljajte jih v vodo, raje jih snemite pred plavanjem ali kopanjem.<\/p>","protected":false},"excerpt":{"rendered":"<p>Zapestnica iz orehovega lesa, ro\u010dno poslikana in za\u0161\u010ditena z lakom.<\/p>\n<p>Nastavljiva vo\u0161\u010dena bomba\u017ena vrvica je na voljo v ve\u010d barvah.<\/p>\n<p>\u010cudovit alpski cvet.<br \/>\nV legendi o Zlatorogu naj bi prina\u0161ala \u010darobne mo\u010di. Naj jih prinese tudi vam \u2665 \ufe0f<\/p>","protected":false},"featured_media":2130,"comment_status":"open","ping_status":"closed","template":"","meta":{"site-sidebar-layout":"default","site-content-layout":"default","ast-site-content-layout":"default","site-content-style":"default","site-sidebar-style":"default","ast-global-header-display":"","ast-banner-title-visibility":"","ast-main-header-display":"","ast-hfb-above-header-display":"","ast-hfb-below-header-display":"","ast-hfb-mobile-header-display":"","site-post-title":"","ast-breadcrumbs-content":"","ast-featured-img":"","footer-sml-layout":"","ast-disable-related-posts":"","theme-transparent-header-meta":"default","adv-header-id-meta":"","stick-header-meta":"","header-above-stick-meta":"","header-main-stick-meta":"","header-below-stick-meta":"","astra-migrate-meta-layouts":"default","ast-page-background-enabled":"default","ast-page-background-meta":{"desktop":{"background-color":"","background-image":"","background-repeat":"repeat","background-position":"center center","background-size":"auto","background-attachment":"scroll","background-type":"","background-media":"","overlay-type":"","overlay-color":"","overlay-opacity":"","overlay-gradient":""},"tablet":{"background-color":"","background-image":"","background-repeat":"repeat","background-position":"center center","background-size":"auto","background-attachment":"scroll","background-type":"","background-media":"","overlay-type":"","overlay-color":"","overlay-opacity":"","overlay-gradient":""},"mobile":{"background-color":"","background-image":"","background-repeat":"repeat","background-position":"center center","background-size":"auto","background-attachment":"scroll","background-type":"","background-media":"","overlay-type":"","overlay-color":"","overlay-opacity":"","overlay-gradient":""}},"ast-content-background-meta":{"desktop":{"background-color":"var(--ast-global-color-5)","background-image":"","background-repeat":"repeat","background-position":"center center","background-size":"auto","background-attachment":"scroll","background-type":"","background-media":"","overlay-type":"","overlay-color":"","overlay-opacity":"","overlay-gradient":""},"tablet":{"background-color":"var(--ast-global-color-5)","background-image":"","background-repeat":"repeat","background-position":"center center","background-size":"auto","background-attachment":"scroll","background-type":"","background-media":"","overlay-type":"","overlay-color":"","overlay-opacity":"","overlay-gradient":""},"mobile":{"background-color":"var(--ast-global-color-5)","background-image":"","background-repeat":"repeat","background-position":"center center","background-size":"auto","background-attachment":"scroll","background-type":"","background-media":"","overlay-type":"","overlay-color":"","overlay-opacity":"","overlay-gradient":""}}},"product_brand":[],"product_cat":[43,27],"product_tag":[46,47],"class_list":{"0":"post-2125","1":"product","2":"type-product","3":"status-publish","4":"has-post-thumbnail","6":"product_cat-bracelet","7":"product_cat-flora-fauna","8":"product_tag-bracelet","9":"product_tag-triglavska-roza","10":"desktop-align-left","11":"tablet-align-left","12":"mobile-align-left","14":"first","15":"outofstock","16":"purchasable","17":"product-type-variable"},"_links":{"self":[{"href":"https:\/\/lisicavolk.com\/slo\/wp-json\/wp\/v2\/product\/2125","targetHints":{"allow":["GET"]}}],"collection":[{"href":"https:\/\/lisicavolk.com\/slo\/wp-json\/wp\/v2\/product"}],"about":[{"href":"https:\/\/lisicavolk.com\/slo\/wp-json\/wp\/v2\/types\/product"}],"replies":[{"embeddable":true,"href":"https:\/\/lisicavolk.com\/slo\/wp-json\/wp\/v2\/comments?post=2125"}],"version-history":[{"count":4,"href":"https:\/\/lisicavolk.com\/slo\/wp-json\/wp\/v2\/product\/2125\/revisions"}],"predecessor-version":[{"id":2242,"href":"https:\/\/lisicavolk.com\/slo\/wp-json\/wp\/v2\/product\/2125\/revisions\/2242"}],"wp:featuredmedia":[{"embeddable":true,"href":"https:\/\/lisicavolk.com\/slo\/wp-json\/wp\/v2\/media\/2130"}],"wp:attachment":[{"href":"https:\/\/lisicavolk.com\/slo\/wp-json\/wp\/v2\/media?parent=2125"}],"wp:term":[{"taxonomy":"product_brand","embeddable":true,"href":"https:\/\/lisicavolk.com\/slo\/wp-json\/wp\/v2\/product_brand?post=2125"},{"taxonomy":"product_cat","embeddable":true,"href":"https:\/\/lisicavolk.com\/slo\/wp-json\/wp\/v2\/product_cat?post=2125"},{"taxonomy":"product_tag","embeddable":true,"href":"https:\/\/lisicavolk.com\/slo\/wp-json\/wp\/v2\/product_tag?post=2125"}],"curies":[{"name":"wp","href":"https:\/\/api.w.org\/{rel}","templated":true}]}}