{"id":3,"date":"2020-09-08T14:11:29","date_gmt":"2020-09-08T14:11:29","guid":{"rendered":"https:\/\/lisicavolk.com\/?page_id=3"},"modified":"2020-12-02T13:18:34","modified_gmt":"2020-12-02T13:18:34","slug":"privacy-policy","status":"publish","type":"page","link":"https:\/\/lisicavolk.com\/slo\/privacy-policy\/","title":{"rendered":"Politika zasebnosti"},"content":{"rendered":"<div data-elementor-type=\"wp-page\" data-elementor-id=\"3\" class=\"elementor elementor-3\" data-elementor-post-type=\"page\">\n\t\t\t\t\t\t<section class=\"elementor-section elementor-top-section elementor-element elementor-element-1584271d elementor-section-boxed elementor-section-height-default elementor-section-height-default\" data-id=\"1584271d\" data-element_type=\"section\" data-e-type=\"section\">\n\t\t\t\t\t\t<div class=\"elementor-container elementor-column-gap-default\">\n\t\t\t\t\t<div class=\"elementor-column elementor-col-100 elementor-top-column elementor-element elementor-element-2da04bca\" data-id=\"2da04bca\" data-element_type=\"column\" data-e-type=\"column\">\n\t\t\t<div class=\"elementor-widget-wrap elementor-element-populated\">\n\t\t\t\t\t\t<div class=\"elementor-element elementor-element-cdd069b elementor-widget elementor-widget-text-editor\" data-id=\"cdd069b\" data-element_type=\"widget\" data-e-type=\"widget\" data-widget_type=\"text-editor.default\">\n\t\t\t\t<div class=\"elementor-widget-container\">\n\t\t\t\t\t\t\t\t\t<p><\/p>\n<h2 class=\"wp-block-heading\">Kdo smo<\/h2>\n<p><\/p>\n<p><\/p>\n<p>Naslov na\u0161ega spletnega mesta je: <a href=\"https:\/\/lisicavolk.com\/slo\/\">https:\/\/lisicavolk.com<\/a>, ki predstavlja edinstveno blagovno znamko Lisica &amp; Volk iz Slovenije, ki jo uradno upravlja Lisica &amp; Volk, oblikovanje, Anja Pitamic s.p.<\/p>\n<p>Registriran kot:<\/p>\n<p>Lisica &amp; Volk, oblikovanje, Anja Pitamic s.p.<br \/>Ulica Alojza Rabi\u010da 27, 4281 Mojstrana<br \/>Slovenija<br \/>dav\u010dna \u0161tevilka: 70153906\u00a0<\/p>\n<p><\/p>\n<p><\/p>\n<h3 class=\"wp-block-heading\">Katere osebne podatke zbiramo in zakaj jih zbiramo<\/h3>\n<p><\/p>\n<p><\/p>\n<h3 class=\"wp-block-heading\">Komentarji<\/h3>\n<p><\/p>\n<p><\/p>\n<p>Ko obiskovalci pustijo komentarje na spletnem mestu, zberemo podatke, prikazane v obrazcu za komentarje, pa tudi IP naslov in niz uporabni\u0161kega agenta brskalnika za pomo\u010d pri odkrivanju ne\u017eelene objav.<\/p>\n<p>Storitvi Gravatar lahko dobite anonimiziran niz, ustvarjen iz va\u0161ega e-po\u0161tnega naslova (imenovan tudi hash), da preveri, ali ga uporabljate. Pravilnik o zasebnosti storitve Gravatar je na voljo tukaj: https:\/\/automattic.com\/privacy\/. Po odobritvi va\u0161ega komentarja je va\u0161a slika profila vidna javnosti v kontekstu va\u0161ega komentarja.com.<\/p>\n<p><\/p>\n<p><\/p>\n<h3 class=\"wp-block-heading\">Mediji<\/h3>\n<p><\/p>\n<p><\/p>\n<p>\u010ce nalo\u017eite slike na spletno mesto, se izogibajte nalaganju slik z vklju\u010denimi podatki o lokaciji (EXIF GPS). Obiskovalci spletnega mesta lahko iz slik na spletnem mestu prenesejo in pridobijo vse podatke o lokaciji.<\/p>\n<p><\/p>\n<p><\/p>\n<h3 class=\"wp-block-heading\">Kontaktni obrazci<\/h3>\n<p>Ko nas kontaktirate prek strani \u00bbKontakt\u00ab na spletnem mestu, boste pozvani, da nam posredujete nekatere osebne podatke o sebi, ki lahko vklju\u010dujejo va\u0161e ime, e-po\u0161tni naslov in telefonsko \u0161tevilko. Za po\u0161iljanje obrazca sta potrebna samo va\u0161e ime in va\u0161 elektronski naslov. Te podatke posredujete prostovoljno.<\/p>\n<p>V skladu z dovoljenji, ki ste nam jih morda sporo\u010dili, lahko te podatke uporabimo za neposredno komunikacijo z vami, da odgovorimo na va\u0161e vpra\u0161anje. Te podatke bomo uporabili za komuniciranje izklju\u010dno glede va\u0161ega vpra\u0161anja, vendar nikoli v tr\u017ene ali promocijske namene.<\/p>\n<h3>Va\u0161i kontaktni podatki<\/h3>\n<p><\/p>\n<p><\/p>\n<p>Vse osebne podatke kupca prodajalec varuje. Podatki se hranijo za nedolo\u010den \u010das in se uporabljajo<strong> izklju\u010dno za namene naro\u010dil in druge potrebne komunikacije v zvezi s spletno trgovino<\/strong>. Za dostavo paketov podatki ne bodo posredovani tretjim osebam, razen Po\u0161ti Slovenije. To\u010dnost osebnih podatkov zagotavlja kupec.<br \/>Edina izjema pri razkritju kakr\u0161nih koli osebnih podatkov je, \u010de to zahteva zakon ali kateri koli sodni postopek ali za potrebe drugih dr\u017eavnih slu\u017eb za za\u0161\u010dito in uporabo vseh pravnih interesov spletne trgovine<\/p>\n<p><\/p>\n<p><\/p>\n<h3 class=\"wp-block-heading\">Pi\u0161kotki<\/h3>\n<p><\/p>\n<p><\/p>\n<p>Pi\u0161kotki so majhna besedilna datoteka, ki jo brskalnik (Internet Explorer, Safari, Chrome) shrani v va\u0161 ra\u010dunalnik ali mobilno napravo. Pi\u0161kotki so edinstveni identifikatorji, ki spletnim mestom omogo\u010dajo shranjevanje stvari, kot so va\u0161e nastavitve. Nekateri pi\u0161kotki so potrebni za premikanje po spletnem mestu ali za zagotavljanje nekaterih osnovnih funkcij. Drugi pi\u0161kotki nam pomagajo izbolj\u0161ati delovanje na\u0161ega spletnega mesta in vam zagotavljajo bolj\u0161o uporabni\u0161ko izku\u0161njo. Pi\u0161kotki omogo\u010dajo, da vas spletno mesto prepozna, ko se vrnete, in da se pravilno odzove.<\/p>\n<p>Pi\u0161kotki so lahko &quot;trajni&quot;, kar pomeni, da so shranjeni v va\u0161i napravi, dokler ne pote\u010de ali pi\u0161kotka izbri\u0161ete. Druga mo\u017enost je, da so pi\u0161kotki za\u010dasni ali \u201esejni\u201c, ki se shranijo le v za\u010dasni pomnilnik in se po zaprtju brskalnika ne zadr\u017eijo. Podatkov, zbranih s pi\u0161kotki, ne prodajamo, distribuiramo ali dajamo v zakup.<\/p>\n<p>Pi\u0161kotke lahko sprejmete ali zavrnete. Ve\u010dina spletnih brskalnikov samodejno sprejme pi\u0161kotke, vendar lahko nastavitve brskalnika obi\u010dajno spremenite tako, da pi\u0161kotke zavrnete, \u010de \u017eelite.<\/p>\n<p>Ko uporabljate in dostopate do na\u0161ega spletnega mesta, lahko v va\u0161 spletni brskalnik shranimo \u0161tevilne datoteke pi\u0161kotkov. Pi\u0161kotke uporabljamo za omogo\u010danje nekaterih funkcij spletnega mesta, zagotavljanje analitike in shranjevanje va\u0161ih \u017eelja.<\/p>\n<p>Poleg lastnih pi\u0161kotkov lahko uporabljamo tudi razli\u010dne pi\u0161kotke tretjih oseb. Na\u0161e spletno mesto za poro\u010danje statisti\u010dnih podatkov o uporabi na\u0161ega spletnega mesta uporablja pi\u0161kotke tretjih oseb iz storitve Google Analytics. Ti analiti\u010dni pi\u0161kotki nam ne zagotavljajo nobenih osebnih podatkov o vas in v Google Analytics ne nalagamo nobenih osebnih podatkov ali podatkov, ki trajno identificirajo dolo\u010deno napravo.<\/p>\n<p>Z va\u0161im soglasjem na\u0161e spletno mesto uporablja storitev piksela za sledenje konverzijam Facebooka. To nam omogo\u010da, da sledimo uporabni\u0161kim dejanjem, potem ko so s klikom na Facebook oglas posredovani na spletno mesto ponudnika storitev. To nam omogo\u010da bele\u017eenje u\u010dinkovitosti ogla\u0161evanja na Facebooku za statisti\u010dne namene in tr\u017ene raziskave. Zbrani podatki ostanejo anonimni, kar pomeni, da ne moremo videti osebnih podatkov posameznih uporabnikov. Vendar zbrane podatke Facebook hrani in obdeluje. Shranjevanje pretvorbenih pi\u0161kotkov temelji na \u010dl. 6 (1) f GDPR.\u00a0<\/p>\n<p>\u010ce na na\u0161em spletnem mestu pustite komentar, se lahko odlo\u010dite za shranjevanje svojega imena, e-po\u0161tnega naslova in spletnega mesta v pi\u0161kotke. To je za va\u0161e udobje, tako da vam ni treba znova izpolnjevati svojih podatkov, ko pustite nov komentar. Ti pi\u0161kotki bodo trajali eno leto.<\/p>\n<p>Nastavitve pi\u0161kotkov lahko kadar koli spremenite <a href=\"#gdpr_cookie_modal\">tukaj<\/a>.<\/p>\n<p>\u010ce na na\u0161em spletnem mestu pustite komentar, se lahko prijavite in shranite svoje ime, e-po\u0161tni naslov in spletno mesto v pi\u0161kotke. To je za va\u0161e udobje, tako da vam ni treba znova izpolnjevati svojih podatkov, ko pustite nov komentar. Ti pi\u0161kotki bodo trajali eno leto.<\/p>\n<p><\/p>\n<p><\/p>\n<p>\u010ce obi\u0161\u010dete na\u0161o prijavno stran, bomo nastavili za\u010dasni pi\u0161kotek, da ugotovimo, ali va\u0161 brskalnik sprejema pi\u0161kotke. Ta pi\u0161kotek ne vsebuje osebnih podatkov in se zavr\u017ee, ko zaprete brskalnik.<\/p>\n<p><\/p>\n<p><\/p>\n<p>Ko se prijavite, bomo nastavili tudi ve\u010d pi\u0161kotkov, da shranimo va\u0161e podatke za prijavo in izbire zaslona. Pi\u0161kotki za prijavo trajajo dva dni, pi\u0161kotki z mo\u017enostmi zaslona pa eno leto. \u010ce izberete \u00bbZapomni si me\u00ab, bo prijava trajala dva tedna. \u010ce se odjavite iz ra\u010duna, bodo pi\u0161kotki za prijavo odstranjeni.<\/p>\n<p><\/p>\n<p><\/p>\n<p>\u010ce uredite ali objavite \u010dlanek, se v va\u0161 brskalnik shrani dodaten pi\u0161kotek. Ta pi\u0161kotek ne vsebuje osebnih podatkov in preprosto navaja ID objave \u010dlanka, ki ste ga pravkar uredili. Pote\u010de po 1 dnevu.<\/p>\n<p><\/p>\n<p><\/p>\n<h3 class=\"wp-block-heading\">Vdelana vsebina z drugih spletnih mest<\/h3>\n<p><\/p>\n<p><\/p>\n<p>\u010clanki na tem spletnem mestu lahko vklju\u010dujejo vdelano vsebino (npr. Videoposnetke, slike, \u010dlanke itd.). Vdelana vsebina z drugih spletnih mest se obna\u0161a popolnoma enako, kot \u010de bi obiskovalec obiskal drugo spletno stran.<\/p>\n<p><\/p>\n<p><\/p>\n<p>Ta spletna mesta lahko zbirajo podatke o vas, uporabljajo pi\u0161kotke, vgrajujejo dodatno sledenje tretjih oseb in spremljajo va\u0161o interakcijo s to vdelano vsebino, vklju\u010dno s sledenjem va\u0161i interakciji z vdelano vsebino, \u010de imate ra\u010dun in ste prijavljeni na to spletno mesto.<\/p>\n<p><\/p>\n<p><\/p>\n<h3 class=\"wp-block-heading\">Analitika<\/h3>\n<div>Na\u0161e spletno mesto za poro\u010danje statisti\u010dnih podatkov o uporabi na\u0161ega spletnega mesta uporablja pi\u0161kotke tretjih oseb iz storitve Google Analytics. Ti analiti\u010dni pi\u0161kotki nam ne zagotavljajo nobenih osebnih podatkov o vas in v Google Analytics ne nalagamo nobenih osebnih podatkov ali podatkov, ki trajno identificirajo dolo\u010deno napravo.<\/div>\n<div>\u00a0<\/div>\n<div>\n<h3>Newsletter<\/h3>\n<p>Mailchimp uporabljamo za upravljanje seznama naro\u010dnikov za e-po\u0161tno tr\u017eenje in po\u0161iljanje e-po\u0161te na\u0161im naro\u010dnikom. MailerLite je neodvisni ponudnik, ki lahko obdeluje va\u0161e podatke z uporabo industrijsko standardnih tehnologij, da nam pomaga spremljati in izbolj\u0161ati na\u0161e novice. Ob registraciji uporabimo va\u0161e ime in e-po\u0161tni naslov, da vam zagotovimo na\u0161o e-po\u0161tno vsebino. Posredujete te podatke in se prostovoljno registrirate.<\/p>\n<p>Pravilnik o zasebnosti Mailchimpa je na voljo tukaj.\u00a0<\/p>\n<p>Na\u0161e novice se lahko odjavite s klikom na povezavo za odjavo na koncu vsakega glasila.<\/p>\n<\/div>\n<p><\/p>\n<p><\/p>\n<h3 class=\"wp-block-heading\">S kom delimo va\u0161e podatke<\/h3>\n<p>Edina oseba, ki ima dostop do va\u0161ih podatkov na tem spletnem mestu, je lastnik spletnega mesta in platforme tretjih oseb, ki anonimno obdelujejo podatke, kot smo \u017ee omenili.<\/p>\n<p><\/p>\n<p><\/p>\n<h3 class=\"wp-block-heading\">Kako dolgo hranimo va\u0161e podatke<\/h3>\n<p><\/p>\n<p><\/p>\n<p>\u010ce pustite komentar, se komentar in njegovi metapodatki ohranijo za nedolo\u010den \u010das. Tako lahko samodejno prepoznamo in odobrimo nadaljnje komentarje, namesto da bi jih zadr\u017eali v \u010dakalni vrsti za moderiranje.<\/p>\n<p><\/p>\n<p><\/p>\n<p>Za uporabnike, ki se registrirajo na na\u0161em spletnem mestu (\u010de obstajajo), osebne podatke, ki jih navedejo, shranimo tudi v njihov uporabni\u0161ki profil. Vsi uporabniki lahko kadar koli vidijo, urejajo ali izbri\u0161ejo svoje osebne podatke (razen, da ne morejo spremeniti uporabni\u0161kega imena). Skrbniki spletnih mest lahko te podatke tudi vidijo in urejajo.<\/p>\n<p>Google Analytics va\u0161e podatke hrani 26 mesecev.<\/p>\n<p><\/p>\n<p><\/p>\n<h3 class=\"wp-block-heading\">Kak\u0161ne pravice imate do svojih podatkov<\/h3>\n<p><\/p>\n<p><\/p>\n<p>\u010ce imate ra\u010dun na tem spletnem mestu ali ste pustili komentarje, lahko zahtevate, da prejmete izvo\u017eeno datoteko osebnih podatkov, ki jih imamo o vas, vklju\u010dno s podatki, ki ste nam jih posredovali. Prav tako lahko zahtevate, da izbri\u0161emo vse osebne podatke, ki jih imamo o vas. To ne vklju\u010duje nobenih podatkov, ki jih moramo hraniti za upravne, pravne ali varnostne namene.<\/p>\n<p>Imate pravico do dostopa do informacij, ki jih imamo o vas. Imate pravico, da se va\u0161e informacije na zahtevo spremenijo ali izbri\u0161ejo. \u010ce \u017eelite uveljaviti to pravico, po\u0161ljite svojo zahtevo na info @<span style=\"font-size: 16px;\">lisicavolk.com.<\/span><\/p>\n<p><\/p>\n<p><\/p>\n<h3 class=\"wp-block-heading\">Kam po\u0161ljemo va\u0161e podatke<\/h3>\n<p><\/p>\n<p><\/p>\n<p>Komentarji obiskovalcev so lahko preverjeni s pomo\u010djo avtomatizirane storitve zaznavanja ne\u017eelenih objav.<\/p>\n<p>Va\u0161e podatke po\u0161iljajo in obdelujejo naslednje platforme tretjih oseb: Facebook, Google in Mailerlite.<\/p>\n<p>Upo\u0161tevajte, da \u010de kliknete katero koli povezavo z na\u0161ega spletnega mesta do zunanjih spletnih mest ali sledite nam, na\u0161a politika zasebnosti ne bo ve\u010d veljala. Pred oddajo kakr\u0161nih koli osebnih podatkov preverite pravilnike o zasebnosti katerega koli takega zunanjega spletnega mesta, saj ne moremo sprejeti nobene odgovornosti ali odgovornosti v zvezi z njimi.<\/p>\n<p><\/p>\n<p><\/p>\n<p>\u00a0<\/p>\n<p><\/p>\t\t\t\t\t\t\t\t<\/div>\n\t\t\t\t<\/div>\n\t\t\t\t\t<\/div>\n\t\t<\/div>\n\t\t\t\t\t<\/div>\n\t\t<\/section>\n\t\t\t\t<\/div>","protected":false},"excerpt":{"rendered":"<p>Who we are Our website address is: https:\/\/lisicavolk.com, representing a unique brand Lisica &amp; Volk from Slovenia, officially managed by Lisica &amp; Volk, oblikovanje, Anja Pitamic s.p. Registered as: Lisica &amp; Volk, oblikovanje, Anja Pitamic s.p.Ulica Alojza Rabi\u010da 27,\u00a04281 MojstranaSloveniadav\u010dna \u0161tevilka: 70153906\u00a0 What personal data we collect and why we collect it Comments When visitors [&hellip;]<\/p>","protected":false},"author":1,"featured_media":0,"parent":0,"menu_order":0,"comment_status":"closed","ping_status":"open","template":"","meta":{"site-sidebar-layout":"default","site-content-layout":"default","ast-site-content-layout":"default","site-content-style":"default","site-sidebar-style":"default","ast-global-header-display":"","ast-banner-title-visibility":"","ast-main-header-display":"","ast-hfb-above-header-display":"","ast-hfb-below-header-display":"","ast-hfb-mobile-header-display":"","site-post-title":"","ast-breadcrumbs-content":"","ast-featured-img":"","footer-sml-layout":"","ast-disable-related-posts":"","theme-transparent-header-meta":"default","adv-header-id-meta":"","stick-header-meta":"","header-above-stick-meta":"","header-main-stick-meta":"","header-below-stick-meta":"","astra-migrate-meta-layouts":"default","ast-page-background-enabled":"default","ast-page-background-meta":{"desktop":{"background-color":"","background-image":"","background-repeat":"repeat","background-position":"center center","background-size":"auto","background-attachment":"scroll","background-type":"","background-media":"","overlay-type":"","overlay-color":"","overlay-opacity":"","overlay-gradient":""},"tablet":{"background-color":"","background-image":"","background-repeat":"repeat","background-position":"center center","background-size":"auto","background-attachment":"scroll","background-type":"","background-media":"","overlay-type":"","overlay-color":"","overlay-opacity":"","overlay-gradient":""},"mobile":{"background-color":"","background-image":"","background-repeat":"repeat","background-position":"center center","background-size":"auto","background-attachment":"scroll","background-type":"","background-media":"","overlay-type":"","overlay-color":"","overlay-opacity":"","overlay-gradient":""}},"ast-content-background-meta":{"desktop":{"background-color":"var(--ast-global-color-5)","background-image":"","background-repeat":"repeat","background-position":"center center","background-size":"auto","background-attachment":"scroll","background-type":"","background-media":"","overlay-type":"","overlay-color":"","overlay-opacity":"","overlay-gradient":""},"tablet":{"background-color":"var(--ast-global-color-5)","background-image":"","background-repeat":"repeat","background-position":"center center","background-size":"auto","background-attachment":"scroll","background-type":"","background-media":"","overlay-type":"","overlay-color":"","overlay-opacity":"","overlay-gradient":""},"mobile":{"background-color":"var(--ast-global-color-5)","background-image":"","background-repeat":"repeat","background-position":"center center","background-size":"auto","background-attachment":"scroll","background-type":"","background-media":"","overlay-type":"","overlay-color":"","overlay-opacity":"","overlay-gradient":""}},"footnotes":""},"class_list":["post-3","page","type-page","status-publish","hentry"],"_links":{"self":[{"href":"https:\/\/lisicavolk.com\/slo\/wp-json\/wp\/v2\/pages\/3","targetHints":{"allow":["GET"]}}],"collection":[{"href":"https:\/\/lisicavolk.com\/slo\/wp-json\/wp\/v2\/pages"}],"about":[{"href":"https:\/\/lisicavolk.com\/slo\/wp-json\/wp\/v2\/types\/page"}],"author":[{"embeddable":true,"href":"https:\/\/lisicavolk.com\/slo\/wp-json\/wp\/v2\/users\/1"}],"replies":[{"embeddable":true,"href":"https:\/\/lisicavolk.com\/slo\/wp-json\/wp\/v2\/comments?post=3"}],"version-history":[{"count":16,"href":"https:\/\/lisicavolk.com\/slo\/wp-json\/wp\/v2\/pages\/3\/revisions"}],"predecessor-version":[{"id":1956,"href":"https:\/\/lisicavolk.com\/slo\/wp-json\/wp\/v2\/pages\/3\/revisions\/1956"}],"wp:attachment":[{"href":"https:\/\/lisicavolk.com\/slo\/wp-json\/wp\/v2\/media?parent=3"}],"curies":[{"name":"wp","href":"https:\/\/api.w.org\/{rel}","templated":true}]}}